{"id":965,"date":"2025-01-09T18:38:39","date_gmt":"2025-01-09T21:38:39","guid":{"rendered":"https:\/\/bercamp.ind.br\/?page_id=965"},"modified":"2025-01-13T10:28:17","modified_gmt":"2025-01-13T13:28:17","slug":"fale-conosco","status":"publish","type":"page","link":"https:\/\/bercamp.ind.br\/?page_id=965","title":{"rendered":"Fale conosco"},"content":{"rendered":"\t\t<div data-elementor-type=\"wp-page\" data-elementor-id=\"965\" class=\"elementor elementor-965\" data-elementor-settings=\"{&quot;ha_cmc_init_switcher&quot;:&quot;no&quot;}\" data-elementor-post-type=\"page\">\n\t\t\t\t<div class=\"elementor-element elementor-element-481c3cc e-flex e-con-boxed e-con e-parent\" data-id=\"481c3cc\" data-element_type=\"container\" data-settings=\"{&quot;background_background&quot;:&quot;classic&quot;}\">\n\t\t\t\t\t<div class=\"e-con-inner\">\n\t\t<div class=\"elementor-element elementor-element-44b41f6 e-con-full e-flex e-con e-child\" data-id=\"44b41f6\" data-element_type=\"container\" data-settings=\"{&quot;background_background&quot;:&quot;classic&quot;}\">\n\t\t<div class=\"elementor-element elementor-element-610989d e-grid e-con-full e-con e-child\" data-id=\"610989d\" data-element_type=\"container\">\n\t\t<div class=\"elementor-element elementor-element-4de19fa e-con-full e-flex e-con e-child\" data-id=\"4de19fa\" data-element_type=\"container\">\n\t\t<div class=\"elementor-element elementor-element-0542261 e-con-full e-flex e-con e-child\" data-id=\"0542261\" data-element_type=\"container\">\n\t\t\t\t<div class=\"elementor-element elementor-element-7eddbc6 elementor-widget elementor-widget-heading\" data-id=\"7eddbc6\" data-element_type=\"widget\" data-widget_type=\"heading.default\">\n\t\t\t\t<div class=\"elementor-widget-container\">\n\t\t\t\t\t<h2 class=\"elementor-heading-title elementor-size-default\">Fale conosco<\/h2>\t\t\t\t<\/div>\n\t\t\t\t<\/div>\n\t\t\t\t<div class=\"elementor-element elementor-element-bb2b02e elementor-widget-divider--view-line elementor-widget elementor-widget-divider\" data-id=\"bb2b02e\" data-element_type=\"widget\" data-widget_type=\"divider.default\">\n\t\t\t\t<div class=\"elementor-widget-container\">\n\t\t\t\t\t\t\t<div class=\"elementor-divider\">\n\t\t\t<span class=\"elementor-divider-separator\">\n\t\t\t\t\t\t<\/span>\n\t\t<\/div>\n\t\t\t\t\t\t<\/div>\n\t\t\t\t<\/div>\n\t\t\t\t<div class=\"elementor-element elementor-element-232f65c elementor-widget elementor-widget-text-editor\" data-id=\"232f65c\" data-element_type=\"widget\" data-widget_type=\"text-editor.default\">\n\t\t\t\t<div class=\"elementor-widget-container\">\n\t\t\t\t\t\t\t\t\t<p>Aqui tem algumas informa\u00e7\u00f5es para contato que talvez voc\u00ea estava procurando.<\/p>\t\t\t\t\t\t\t\t<\/div>\n\t\t\t\t<\/div>\n\t\t\t\t<div class=\"elementor-element elementor-element-70ce9bd elementor-align-justify elementor-widget elementor-widget-button\" data-id=\"70ce9bd\" data-element_type=\"widget\" data-widget_type=\"button.default\">\n\t\t\t\t<div class=\"elementor-widget-container\">\n\t\t\t\t\t\t\t\t\t<div class=\"elementor-button-wrapper\">\n\t\t\t\t\t<a class=\"elementor-button elementor-button-link elementor-size-sm\" href=\"#\">\n\t\t\t\t\t\t<span class=\"elementor-button-content-wrapper\">\n\t\t\t\t\t\t\t\t\t<span class=\"elementor-button-text\">Enviar mensagem no WhatsApp<\/span>\n\t\t\t\t\t<\/span>\n\t\t\t\t\t<\/a>\n\t\t\t\t<\/div>\n\t\t\t\t\t\t\t\t<\/div>\n\t\t\t\t<\/div>\n\t\t\t\t<div class=\"elementor-element elementor-element-85854c0 elementor-align-left elementor-icon-list--layout-traditional elementor-list-item-link-full_width elementor-widget elementor-widget-icon-list\" data-id=\"85854c0\" data-element_type=\"widget\" data-widget_type=\"icon-list.default\">\n\t\t\t\t<div class=\"elementor-widget-container\">\n\t\t\t\t\t\t\t<ul class=\"elementor-icon-list-items\">\n\t\t\t\t\t\t\t<li class=\"elementor-icon-list-item\">\n\t\t\t\t\t\t\t\t\t\t\t<span class=\"elementor-icon-list-icon\">\n\t\t\t\t\t\t\t<i aria-hidden=\"true\" class=\"huge huge-call-ringing-02\"><\/i>\t\t\t\t\t\t<\/span>\n\t\t\t\t\t\t\t\t\t\t<span class=\"elementor-icon-list-text\"><b>Telefone: <\/b>(41) 9 9844-0205<\/span>\n\t\t\t\t\t\t\t\t\t<\/li>\n\t\t\t\t\t\t\t\t<li class=\"elementor-icon-list-item\">\n\t\t\t\t\t\t\t\t\t\t\t<span class=\"elementor-icon-list-icon\">\n\t\t\t\t\t\t\t<i aria-hidden=\"true\" class=\"huge huge-mail-at-sign-01\"><\/i>\t\t\t\t\t\t<\/span>\n\t\t\t\t\t\t\t\t\t\t<span class=\"elementor-icon-list-text\"><b>E-mail:<\/b> volnei@bercamp.ind.br<\/span>\n\t\t\t\t\t\t\t\t\t<\/li>\n\t\t\t\t\t\t\t\t<li class=\"elementor-icon-list-item\">\n\t\t\t\t\t\t\t\t\t\t\t<span class=\"elementor-icon-list-icon\">\n\t\t\t\t\t\t\t<i aria-hidden=\"true\" class=\"huge huge-location-03\"><\/i>\t\t\t\t\t\t<\/span>\n\t\t\t\t\t\t\t\t\t\t<span class=\"elementor-icon-list-text\"><b>Endere\u00e7o:<\/b> Av. das Am\u00e9ricas, 293 Tr\u00eas Marias \u2013 S\u00e3o Jos\u00e9 dos Pinhais, Paran\u00e1 - CEP: 83.030-640<\/span>\n\t\t\t\t\t\t\t\t\t<\/li>\n\t\t\t\t\t\t<\/ul>\n\t\t\t\t\t\t<\/div>\n\t\t\t\t<\/div>\n\t\t\t\t<div class=\"elementor-element elementor-element-16f1be5 elementor-widget elementor-widget-google_maps\" data-id=\"16f1be5\" data-element_type=\"widget\" data-widget_type=\"google_maps.default\">\n\t\t\t\t<div class=\"elementor-widget-container\">\n\t\t\t\t\t\t\t<div class=\"elementor-custom-embed\">\n\t\t\t<iframe loading=\"lazy\"\n\t\t\t\t\tsrc=\"https:\/\/maps.google.com\/maps?q=Av.%20das%20Am%C3%A9ricas%2C%20293%20Tr%C3%AAs%20Marias%20%E2%80%93%20S%C3%A3o%20Jos%C3%A9%20dos%20Pinhais%20CEP%3A%2083.030-640&#038;t=m&#038;z=13&#038;output=embed&#038;iwloc=near\"\n\t\t\t\t\ttitle=\"Av. das Am\u00e9ricas, 293 Tr\u00eas Marias \u2013 S\u00e3o Jos\u00e9 dos Pinhais CEP: 83.030-640\"\n\t\t\t\t\taria-label=\"Av. das Am\u00e9ricas, 293 Tr\u00eas Marias \u2013 S\u00e3o Jos\u00e9 dos Pinhais CEP: 83.030-640\"\n\t\t\t><\/iframe>\n\t\t<\/div>\n\t\t\t\t\t\t<\/div>\n\t\t\t\t<\/div>\n\t\t\t\t<\/div>\n\t\t\t\t<\/div>\n\t\t<div class=\"elementor-element elementor-element-796c4a0 e-con-full e-flex e-con e-child\" data-id=\"796c4a0\" data-element_type=\"container\">\n\t\t<div class=\"elementor-element elementor-element-bd1b371 e-con-full e-flex e-con e-child\" data-id=\"bd1b371\" data-element_type=\"container\">\n\t\t\t\t<div class=\"elementor-element elementor-element-e98b465 elementor-widget elementor-widget-heading\" data-id=\"e98b465\" data-element_type=\"widget\" data-widget_type=\"heading.default\">\n\t\t\t\t<div class=\"elementor-widget-container\">\n\t\t\t\t\t<h2 class=\"elementor-heading-title elementor-size-default\">Receba nosso contato<\/h2>\t\t\t\t<\/div>\n\t\t\t\t<\/div>\n\t\t\t\t<div class=\"elementor-element elementor-element-49f6029 elementor-widget-divider--view-line elementor-widget elementor-widget-divider\" data-id=\"49f6029\" data-element_type=\"widget\" data-widget_type=\"divider.default\">\n\t\t\t\t<div class=\"elementor-widget-container\">\n\t\t\t\t\t\t\t<div class=\"elementor-divider\">\n\t\t\t<span class=\"elementor-divider-separator\">\n\t\t\t\t\t\t<\/span>\n\t\t<\/div>\n\t\t\t\t\t\t<\/div>\n\t\t\t\t<\/div>\n\t\t\t\t<div class=\"elementor-element elementor-element-f66d594 elementor-widget elementor-widget-text-editor\" data-id=\"f66d594\" data-element_type=\"widget\" data-widget_type=\"text-editor.default\">\n\t\t\t\t<div class=\"elementor-widget-container\">\n\t\t\t\t\t\t\t\t\t<p>Se preferir pode colocar suas informa\u00e7\u00f5es de contato e vamos falar com voc\u00ea.<\/p>\t\t\t\t\t\t\t\t<\/div>\n\t\t\t\t<\/div>\n\t\t\t\t<div class=\"elementor-element elementor-element-e1c19a1 elementor-button-align-stretch elementor-widget elementor-widget-form\" data-id=\"e1c19a1\" data-element_type=\"widget\" data-settings=\"{&quot;step_next_label&quot;:&quot;Next&quot;,&quot;step_previous_label&quot;:&quot;Previous&quot;,&quot;button_width&quot;:&quot;100&quot;,&quot;step_type&quot;:&quot;number_text&quot;,&quot;step_icon_shape&quot;:&quot;circle&quot;}\" data-widget_type=\"form.default\">\n\t\t\t\t<div class=\"elementor-widget-container\">\n\t\t\t\t\t\t\t<form class=\"elementor-form\" method=\"post\" name=\"New Form\">\n\t\t\t<input type=\"hidden\" name=\"post_id\" value=\"965\"\/>\n\t\t\t<input type=\"hidden\" name=\"form_id\" value=\"e1c19a1\"\/>\n\t\t\t<input type=\"hidden\" name=\"referer_title\" value=\"Bercamp\" \/>\n\n\t\t\t\n\t\t\t<div class=\"elementor-form-fields-wrapper elementor-labels-above\">\n\t\t\t\t\t\t\t\t<div class=\"elementor-field-type-text elementor-field-group elementor-column elementor-field-group-name elementor-col-100\">\n\t\t\t\t\t\t\t\t\t\t\t\t<label for=\"form-field-name\" class=\"elementor-field-label\">\n\t\t\t\t\t\t\t\tNome\t\t\t\t\t\t\t<\/label>\n\t\t\t\t\t\t\t\t\t\t\t\t\t\t<input size=\"1\" type=\"text\" name=\"form_fields[name]\" id=\"form-field-name\" class=\"elementor-field elementor-size-sm  elementor-field-textual\" placeholder=\"Nome\">\n\t\t\t\t\t\t\t\t\t\t\t<\/div>\n\t\t\t\t\t\t\t\t<div class=\"elementor-field-type-email elementor-field-group elementor-column elementor-field-group-email elementor-col-100 elementor-field-required\">\n\t\t\t\t\t\t\t\t\t\t\t\t<label for=\"form-field-email\" class=\"elementor-field-label\">\n\t\t\t\t\t\t\t\tE-mail\t\t\t\t\t\t\t<\/label>\n\t\t\t\t\t\t\t\t\t\t\t\t\t\t<input size=\"1\" type=\"email\" name=\"form_fields[email]\" id=\"form-field-email\" class=\"elementor-field elementor-size-sm  elementor-field-textual\" placeholder=\"E-mail\" required=\"required\" aria-required=\"true\">\n\t\t\t\t\t\t\t\t\t\t\t<\/div>\n\t\t\t\t\t\t\t\t<div class=\"elementor-field-type-maskphone_with_ddd elementor-field-group elementor-column elementor-field-group-field_f30add6 elementor-col-100\">\n\t\t\t\t\t\t\t\t\t\t\t\t<label for=\"form-field-field_f30add6\" class=\"elementor-field-label\">\n\t\t\t\t\t\t\t\tTelefone com DDD\t\t\t\t\t\t\t<\/label>\n\t\t\t\t\t\t<input size=\"1\" type=\"tel\" name=\"form_fields[field_f30add6]\" id=\"form-field-field_f30add6\" class=\"elementor-field elementor-size-sm  elementor-field-textual phone_with_ddd\" placeholder=\"Telefone com DDD\">\t\t\t\t<\/div>\n\t\t\t\t\t\t\t\t<div class=\"elementor-field-type-textarea elementor-field-group elementor-column elementor-field-group-field_0d0fb91 elementor-col-100\">\n\t\t\t\t\t\t\t\t\t\t\t\t<label for=\"form-field-field_0d0fb91\" class=\"elementor-field-label\">\n\t\t\t\t\t\t\t\tDescri\u00e7\u00e3o\t\t\t\t\t\t\t<\/label>\n\t\t\t\t\t\t<textarea class=\"elementor-field-textual elementor-field  elementor-size-sm\" name=\"form_fields[field_0d0fb91]\" id=\"form-field-field_0d0fb91\" rows=\"4\" placeholder=\"Descri\u00e7\u00e3o\"><\/textarea>\t\t\t\t<\/div>\n\t\t\t\t\t\t\t\t<div class=\"elementor-field-type-recaptcha_v3 elementor-field-group elementor-column elementor-field-group-field_f932b28 elementor-col-100 recaptcha_v3-bottomright\">\n\t\t\t\t\t<div class=\"elementor-field\" id=\"form-field-field_f932b28\"><div class=\"elementor-g-recaptcha\" data-sitekey=\"6LfTSLYqAAAAAAXMfdQDwDWAoFWj1HGBGjIKRS5x\" data-type=\"v3\" data-action=\"Form\" data-badge=\"bottomright\" data-size=\"invisible\"><\/div><\/div>\t\t\t\t<\/div>\n\t\t\t\t\t\t\t\t<div class=\"elementor-field-group elementor-column elementor-field-type-submit elementor-col-100 e-form__buttons\">\n\t\t\t\t\t<button class=\"elementor-button elementor-size-sm\" type=\"submit\">\n\t\t\t\t\t\t<span class=\"elementor-button-content-wrapper\">\n\t\t\t\t\t\t\t\t\t\t\t\t\t\t\t\t\t\t\t\t\t\t<span class=\"elementor-button-text\">Enviar<\/span>\n\t\t\t\t\t\t\t\t\t\t\t\t\t<\/span>\n\t\t\t\t\t<\/button>\n\t\t\t\t<\/div>\n\t\t\t<\/div>\n\t\t<\/form>\n\t\t\t\t\t\t<\/div>\n\t\t\t\t<\/div>\n\t\t\t\t<\/div>\n\t\t\t\t<\/div>\n\t\t\t\t<\/div>\n\t\t\t\t<\/div>\n\t\t\t\t\t<\/div>\n\t\t\t\t<\/div>\n\t\t<div class=\"elementor-element elementor-element-ac23b1e e-flex e-con-boxed e-con e-parent\" data-id=\"ac23b1e\" data-element_type=\"container\" data-settings=\"{&quot;background_background&quot;:&quot;classic&quot;}\">\n\t\t\t\t\t<div class=\"e-con-inner\">\n\t\t\t\t<div class=\"elementor-element elementor-element-c08269c scroll-bottom elementor-widget__width-initial elementor-widget-mobile__width-inherit elementor-widget elementor-widget-heading\" data-id=\"c08269c\" data-element_type=\"widget\" data-settings=\"{&quot;_animation&quot;:&quot;none&quot;}\" data-widget_type=\"heading.default\">\n\t\t\t\t<div class=\"elementor-widget-container\">\n\t\t\t\t\t<h2 class=\"elementor-heading-title elementor-size-default\">Clique no bot\u00e3o abaixo e fale com um especialista<\/h2>\t\t\t\t<\/div>\n\t\t\t\t<\/div>\n\t\t\t\t<div class=\"elementor-element elementor-element-bb94dba scroll-bottom elementor-widget elementor-widget-button\" data-id=\"bb94dba\" data-element_type=\"widget\" data-widget_type=\"button.default\">\n\t\t\t\t<div class=\"elementor-widget-container\">\n\t\t\t\t\t\t\t\t\t<div class=\"elementor-button-wrapper\">\n\t\t\t\t\t<a class=\"elementor-button elementor-button-link elementor-size-sm\" href=\"https:\/\/wa.me\/554198440205?text=Ol\u00e1%2C+vim+pelo+site.+Tudo+bem%3F\">\n\t\t\t\t\t\t<span class=\"elementor-button-content-wrapper\">\n\t\t\t\t\t\t\t\t\t<span class=\"elementor-button-text\">Entrar em contato<\/span>\n\t\t\t\t\t<\/span>\n\t\t\t\t\t<\/a>\n\t\t\t\t<\/div>\n\t\t\t\t\t\t\t\t<\/div>\n\t\t\t\t<\/div>\n\t\t\t\t\t<\/div>\n\t\t\t\t<\/div>\n\t\t\t\t<\/div>\n\t\t","protected":false},"excerpt":{"rendered":"<p>Fale conosco Aqui tem algumas informa\u00e7\u00f5es para contato que talvez voc\u00ea estava procurando. Enviar mensagem no WhatsApp Telefone: (41) 9 9844-0205 E-mail: volnei@bercamp.ind.br Endere\u00e7o: Av. das Am\u00e9ricas, 293 Tr\u00eas Marias \u2013 S\u00e3o Jos\u00e9 dos Pinhais, Paran\u00e1 &#8211; CEP: 83.030-640 Receba nosso contato Se preferir pode colocar suas informa\u00e7\u00f5es de contato e vamos falar com voc\u00ea. [&hellip;]<\/p>\n","protected":false},"author":2,"featured_media":0,"parent":0,"menu_order":0,"comment_status":"closed","ping_status":"closed","template":"elementor_header_footer","meta":{"footnotes":""},"class_list":["post-965","page","type-page","status-publish","hentry"],"yoast_head":"<!-- This site is optimized with the Yoast SEO Premium plugin v20.8 (Yoast SEO v24.2) - https:\/\/yoast.com\/wordpress\/plugins\/seo\/ -->\n<title>Fale conosco - Bercamp<\/title>\n<meta name=\"robots\" content=\"index, follow, max-snippet:-1, max-image-preview:large, max-video-preview:-1\" \/>\n<link rel=\"canonical\" href=\"https:\/\/bercamp.ind.br\/?page_id=965\" \/>\n<meta property=\"og:locale\" content=\"pt_BR\" \/>\n<meta property=\"og:type\" content=\"article\" \/>\n<meta property=\"og:title\" content=\"Fale conosco\" \/>\n<meta property=\"og:description\" content=\"Fale conosco Aqui tem algumas informa\u00e7\u00f5es para contato que talvez voc\u00ea estava procurando. Enviar mensagem no WhatsApp Telefone: (41) 9 9844-0205 E-mail: volnei@bercamp.ind.br Endere\u00e7o: Av. das Am\u00e9ricas, 293 Tr\u00eas Marias \u2013 S\u00e3o Jos\u00e9 dos Pinhais, Paran\u00e1 &#8211; CEP: 83.030-640 Receba nosso contato Se preferir pode colocar suas informa\u00e7\u00f5es de contato e vamos falar com voc\u00ea. [&hellip;]\" \/>\n<meta property=\"og:url\" content=\"https:\/\/bercamp.ind.br\/?page_id=965\" \/>\n<meta property=\"og:site_name\" content=\"Bercamp\" \/>\n<meta property=\"article:modified_time\" content=\"2025-01-13T13:28:17+00:00\" \/>\n<meta property=\"og:image\" content=\"https:\/\/bercamp.ind.br\/wp-content\/uploads\/logotipo-novo.png\" \/>\n\t<meta property=\"og:image:width\" content=\"457\" \/>\n\t<meta property=\"og:image:height\" content=\"150\" \/>\n\t<meta property=\"og:image:type\" content=\"image\/png\" \/>\n<meta name=\"twitter:card\" content=\"summary_large_image\" \/>\n<meta name=\"twitter:label1\" content=\"Est. tempo de leitura\" \/>\n\t<meta name=\"twitter:data1\" content=\"1 minuto\" \/>\n<script type=\"application\/ld+json\" class=\"yoast-schema-graph\">{\"@context\":\"https:\/\/schema.org\",\"@graph\":[{\"@type\":\"WebPage\",\"@id\":\"https:\/\/bercamp.ind.br\/?page_id=965\",\"url\":\"https:\/\/bercamp.ind.br\/?page_id=965\",\"name\":\"Fale conosco - Bercamp\",\"isPartOf\":{\"@id\":\"https:\/\/bercamp.ind.br\/#website\"},\"datePublished\":\"2025-01-09T21:38:39+00:00\",\"dateModified\":\"2025-01-13T13:28:17+00:00\",\"breadcrumb\":{\"@id\":\"https:\/\/bercamp.ind.br\/?page_id=965#breadcrumb\"},\"inLanguage\":\"pt-BR\",\"potentialAction\":[{\"@type\":\"ReadAction\",\"target\":[\"https:\/\/bercamp.ind.br\/?page_id=965\"]}]},{\"@type\":\"BreadcrumbList\",\"@id\":\"https:\/\/bercamp.ind.br\/?page_id=965#breadcrumb\",\"itemListElement\":[{\"@type\":\"ListItem\",\"position\":1,\"name\":\"In\u00edcio\",\"item\":\"https:\/\/bercamp.ind.br\/\"},{\"@type\":\"ListItem\",\"position\":2,\"name\":\"Fale conosco\"}]},{\"@type\":\"WebSite\",\"@id\":\"https:\/\/bercamp.ind.br\/#website\",\"url\":\"https:\/\/bercamp.ind.br\/\",\"name\":\"Bercamp\",\"description\":\"Implementos Agr\u00edcolas\",\"publisher\":{\"@id\":\"https:\/\/bercamp.ind.br\/#organization\"},\"alternateName\":\"Bercamp Horse\",\"potentialAction\":[{\"@type\":\"SearchAction\",\"target\":{\"@type\":\"EntryPoint\",\"urlTemplate\":\"https:\/\/bercamp.ind.br\/?s={search_term_string}\"},\"query-input\":{\"@type\":\"PropertyValueSpecification\",\"valueRequired\":true,\"valueName\":\"search_term_string\"}}],\"inLanguage\":\"pt-BR\"},{\"@type\":\"Organization\",\"@id\":\"https:\/\/bercamp.ind.br\/#organization\",\"name\":\"Bercamp\",\"url\":\"https:\/\/bercamp.ind.br\/\",\"logo\":{\"@type\":\"ImageObject\",\"inLanguage\":\"pt-BR\",\"@id\":\"https:\/\/bercamp.ind.br\/#\/schema\/logo\/image\/\",\"url\":\"https:\/\/bercamp.ind.br\/wp-content\/uploads\/icone.png\",\"contentUrl\":\"https:\/\/bercamp.ind.br\/wp-content\/uploads\/icone.png\",\"width\":960,\"height\":960,\"caption\":\"Bercamp\"},\"image\":{\"@id\":\"https:\/\/bercamp.ind.br\/#\/schema\/logo\/image\/\"}}]}<\/script>\n<!-- \/ Yoast SEO Premium plugin. -->","yoast_head_json":{"title":"Fale conosco - Bercamp","robots":{"index":"index","follow":"follow","max-snippet":"max-snippet:-1","max-image-preview":"max-image-preview:large","max-video-preview":"max-video-preview:-1"},"canonical":"https:\/\/bercamp.ind.br\/?page_id=965","og_locale":"pt_BR","og_type":"article","og_title":"Fale conosco","og_description":"Fale conosco Aqui tem algumas informa\u00e7\u00f5es para contato que talvez voc\u00ea estava procurando. Enviar mensagem no WhatsApp Telefone: (41) 9 9844-0205 E-mail: volnei@bercamp.ind.br Endere\u00e7o: Av. das Am\u00e9ricas, 293 Tr\u00eas Marias \u2013 S\u00e3o Jos\u00e9 dos Pinhais, Paran\u00e1 &#8211; CEP: 83.030-640 Receba nosso contato Se preferir pode colocar suas informa\u00e7\u00f5es de contato e vamos falar com voc\u00ea. [&hellip;]","og_url":"https:\/\/bercamp.ind.br\/?page_id=965","og_site_name":"Bercamp","article_modified_time":"2025-01-13T13:28:17+00:00","og_image":[{"width":457,"height":150,"url":"https:\/\/bercamp.ind.br\/wp-content\/uploads\/logotipo-novo.png","type":"image\/png"}],"twitter_card":"summary_large_image","twitter_misc":{"Est. tempo de leitura":"1 minuto"},"schema":{"@context":"https:\/\/schema.org","@graph":[{"@type":"WebPage","@id":"https:\/\/bercamp.ind.br\/?page_id=965","url":"https:\/\/bercamp.ind.br\/?page_id=965","name":"Fale conosco - Bercamp","isPartOf":{"@id":"https:\/\/bercamp.ind.br\/#website"},"datePublished":"2025-01-09T21:38:39+00:00","dateModified":"2025-01-13T13:28:17+00:00","breadcrumb":{"@id":"https:\/\/bercamp.ind.br\/?page_id=965#breadcrumb"},"inLanguage":"pt-BR","potentialAction":[{"@type":"ReadAction","target":["https:\/\/bercamp.ind.br\/?page_id=965"]}]},{"@type":"BreadcrumbList","@id":"https:\/\/bercamp.ind.br\/?page_id=965#breadcrumb","itemListElement":[{"@type":"ListItem","position":1,"name":"In\u00edcio","item":"https:\/\/bercamp.ind.br\/"},{"@type":"ListItem","position":2,"name":"Fale conosco"}]},{"@type":"WebSite","@id":"https:\/\/bercamp.ind.br\/#website","url":"https:\/\/bercamp.ind.br\/","name":"Bercamp","description":"Implementos Agr\u00edcolas","publisher":{"@id":"https:\/\/bercamp.ind.br\/#organization"},"alternateName":"Bercamp Horse","potentialAction":[{"@type":"SearchAction","target":{"@type":"EntryPoint","urlTemplate":"https:\/\/bercamp.ind.br\/?s={search_term_string}"},"query-input":{"@type":"PropertyValueSpecification","valueRequired":true,"valueName":"search_term_string"}}],"inLanguage":"pt-BR"},{"@type":"Organization","@id":"https:\/\/bercamp.ind.br\/#organization","name":"Bercamp","url":"https:\/\/bercamp.ind.br\/","logo":{"@type":"ImageObject","inLanguage":"pt-BR","@id":"https:\/\/bercamp.ind.br\/#\/schema\/logo\/image\/","url":"https:\/\/bercamp.ind.br\/wp-content\/uploads\/icone.png","contentUrl":"https:\/\/bercamp.ind.br\/wp-content\/uploads\/icone.png","width":960,"height":960,"caption":"Bercamp"},"image":{"@id":"https:\/\/bercamp.ind.br\/#\/schema\/logo\/image\/"}}]}},"_links":{"self":[{"href":"https:\/\/bercamp.ind.br\/index.php?rest_route=\/wp\/v2\/pages\/965","targetHints":{"allow":["GET"]}}],"collection":[{"href":"https:\/\/bercamp.ind.br\/index.php?rest_route=\/wp\/v2\/pages"}],"about":[{"href":"https:\/\/bercamp.ind.br\/index.php?rest_route=\/wp\/v2\/types\/page"}],"author":[{"embeddable":true,"href":"https:\/\/bercamp.ind.br\/index.php?rest_route=\/wp\/v2\/users\/2"}],"replies":[{"embeddable":true,"href":"https:\/\/bercamp.ind.br\/index.php?rest_route=%2Fwp%2Fv2%2Fcomments&post=965"}],"version-history":[{"count":19,"href":"https:\/\/bercamp.ind.br\/index.php?rest_route=\/wp\/v2\/pages\/965\/revisions"}],"predecessor-version":[{"id":1008,"href":"https:\/\/bercamp.ind.br\/index.php?rest_route=\/wp\/v2\/pages\/965\/revisions\/1008"}],"wp:attachment":[{"href":"https:\/\/bercamp.ind.br\/index.php?rest_route=%2Fwp%2Fv2%2Fmedia&parent=965"}],"curies":[{"name":"wp","href":"https:\/\/api.w.org\/{rel}","templated":true}]}}