{"id":869,"date":"2024-12-20T13:40:06","date_gmt":"2024-12-20T16:40:06","guid":{"rendered":"https:\/\/bercamp.ind.br\/?page_id=869"},"modified":"2025-01-20T14:26:52","modified_gmt":"2025-01-20T17:26:52","slug":"institucional","status":"publish","type":"page","link":"https:\/\/bercamp.ind.br\/?page_id=869","title":{"rendered":"Institucional"},"content":{"rendered":"\t\t<div data-elementor-type=\"wp-page\" data-elementor-id=\"869\" class=\"elementor elementor-869\" data-elementor-settings=\"{&quot;ha_cmc_init_switcher&quot;:&quot;no&quot;}\" data-elementor-post-type=\"page\">\n\t\t\t\t<div class=\"elementor-element elementor-element-d416e49 e-flex e-con-boxed e-con e-parent\" data-id=\"d416e49\" data-element_type=\"container\" data-settings=\"{&quot;background_background&quot;:&quot;classic&quot;}\">\n\t\t\t\t\t<div class=\"e-con-inner\">\n\t\t<div class=\"elementor-element elementor-element-8320413 e-con-full e-flex e-con e-child\" data-id=\"8320413\" data-element_type=\"container\" data-settings=\"{&quot;background_background&quot;:&quot;classic&quot;}\">\n\t\t<div class=\"elementor-element elementor-element-c76fa4e e-grid e-con-full e-con e-child\" data-id=\"c76fa4e\" data-element_type=\"container\">\n\t\t<div class=\"elementor-element elementor-element-2850e2d e-con-full e-flex e-con e-child\" data-id=\"2850e2d\" data-element_type=\"container\">\n\t\t\t\t<div class=\"elementor-element elementor-element-be6ce14 elementor-widget elementor-widget-heading\" data-id=\"be6ce14\" data-element_type=\"widget\" data-widget_type=\"heading.default\">\n\t\t\t\t<div class=\"elementor-widget-container\">\n\t\t\t\t\t<h2 class=\"elementor-heading-title elementor-size-default\">Apresenta\u00e7\u00e3o<\/h2>\t\t\t\t<\/div>\n\t\t\t\t<\/div>\n\t\t\t\t<div class=\"elementor-element elementor-element-d047a00 elementor-widget-divider--view-line elementor-widget elementor-widget-divider\" data-id=\"d047a00\" data-element_type=\"widget\" data-widget_type=\"divider.default\">\n\t\t\t\t<div class=\"elementor-widget-container\">\n\t\t\t\t\t\t\t<div class=\"elementor-divider\">\n\t\t\t<span class=\"elementor-divider-separator\">\n\t\t\t\t\t\t<\/span>\n\t\t<\/div>\n\t\t\t\t\t\t<\/div>\n\t\t\t\t<\/div>\n\t\t\t\t<div class=\"elementor-element elementor-element-2a144f0 elementor-widget elementor-widget-text-editor\" data-id=\"2a144f0\" data-element_type=\"widget\" data-widget_type=\"text-editor.default\">\n\t\t\t\t<div class=\"elementor-widget-container\">\n\t\t\t\t\t\t\t\t\t<p>Com sede pr\u00f3pria na cidade de S\u00e3o Jos\u00e9 dos Pinhais, regi\u00e3o metropolitana de Curitiba, PR, a Bercamp\u00ae desenvolve projetos para o segmento de implementos rodovi\u00e1rios e agr\u00edcolas, produzindo solu\u00e7\u00f5es inovadoras.<\/p>\t\t\t\t\t\t\t\t<\/div>\n\t\t\t\t<\/div>\n\t\t\t\t<\/div>\n\t\t\t\t<div class=\"elementor-element elementor-element-0ce5ac6 elementor-widget elementor-widget-image\" data-id=\"0ce5ac6\" data-element_type=\"widget\" data-widget_type=\"image.default\">\n\t\t\t\t<div class=\"elementor-widget-container\">\n\t\t\t\t\t\t\t\t\t\t\t\t\t\t\t<img fetchpriority=\"high\" decoding=\"async\" width=\"800\" height=\"533\" src=\"https:\/\/bercamp.ind.br\/wp-content\/uploads\/01-1024x682.jpg\" class=\"attachment-large size-large wp-image-871\" alt=\"\" srcset=\"https:\/\/bercamp.ind.br\/wp-content\/uploads\/01-1024x682.jpg 1024w, https:\/\/bercamp.ind.br\/wp-content\/uploads\/01-300x200.jpg 300w, https:\/\/bercamp.ind.br\/wp-content\/uploads\/01-768x512.jpg 768w, https:\/\/bercamp.ind.br\/wp-content\/uploads\/01.jpg 1106w\" sizes=\"(max-width: 800px) 100vw, 800px\" \/>\t\t\t\t\t\t\t\t\t\t\t\t\t\t\t<\/div>\n\t\t\t\t<\/div>\n\t\t\t\t<div class=\"elementor-element elementor-element-42af031 elementor-widget elementor-widget-image\" data-id=\"42af031\" data-element_type=\"widget\" data-widget_type=\"image.default\">\n\t\t\t\t<div class=\"elementor-widget-container\">\n\t\t\t\t\t\t\t\t\t\t\t\t\t\t\t<img decoding=\"async\" width=\"800\" height=\"533\" src=\"https:\/\/bercamp.ind.br\/wp-content\/uploads\/02-1024x682.jpg\" class=\"attachment-large size-large wp-image-872\" alt=\"\" srcset=\"https:\/\/bercamp.ind.br\/wp-content\/uploads\/02-1024x682.jpg 1024w, https:\/\/bercamp.ind.br\/wp-content\/uploads\/02-300x200.jpg 300w, https:\/\/bercamp.ind.br\/wp-content\/uploads\/02-768x512.jpg 768w, https:\/\/bercamp.ind.br\/wp-content\/uploads\/02.jpg 1106w\" sizes=\"(max-width: 800px) 100vw, 800px\" \/>\t\t\t\t\t\t\t\t\t\t\t\t\t\t\t<\/div>\n\t\t\t\t<\/div>\n\t\t\t\t<\/div>\n\t\t<div class=\"elementor-element elementor-element-73292e3 e-grid e-con-full e-con e-child\" data-id=\"73292e3\" data-element_type=\"container\">\n\t\t<div class=\"elementor-element elementor-element-ce196da e-con-full e-flex e-con e-child\" data-id=\"ce196da\" data-element_type=\"container\">\n\t\t\t\t<div class=\"elementor-element elementor-element-3c22f90 elementor-widget elementor-widget-heading\" data-id=\"3c22f90\" data-element_type=\"widget\" data-widget_type=\"heading.default\">\n\t\t\t\t<div class=\"elementor-widget-container\">\n\t\t\t\t\t<h2 class=\"elementor-heading-title elementor-size-default\">Hist\u00f3ria<\/h2>\t\t\t\t<\/div>\n\t\t\t\t<\/div>\n\t\t\t\t<div class=\"elementor-element elementor-element-b51e508 elementor-widget-divider--view-line elementor-widget elementor-widget-divider\" data-id=\"b51e508\" data-element_type=\"widget\" data-widget_type=\"divider.default\">\n\t\t\t\t<div class=\"elementor-widget-container\">\n\t\t\t\t\t\t\t<div class=\"elementor-divider\">\n\t\t\t<span class=\"elementor-divider-separator\">\n\t\t\t\t\t\t<\/span>\n\t\t<\/div>\n\t\t\t\t\t\t<\/div>\n\t\t\t\t<\/div>\n\t\t\t\t<div class=\"elementor-element elementor-element-74e4b1f elementor-widget elementor-widget-text-editor\" data-id=\"74e4b1f\" data-element_type=\"widget\" data-widget_type=\"text-editor.default\">\n\t\t\t\t<div class=\"elementor-widget-container\">\n\t\t\t\t\t\t\t\t\t<p>Com mais de 25 anos de experi\u00eancia no beneficiamento de ferro e a\u00e7o para um mercado exigente, A Bercamp\u00ae construiu, em 2005, o seu primeiro implemento rodovi\u00e1rio: uma ca\u00e7amba basculante com abertura lateral.<\/p><p>Ap\u00f3s an\u00e1lise de mercado e identifica\u00e7\u00e3o de oportunidade no setor, novos projetos de produtos e tecnologias foram criados, culminando na consolida\u00e7\u00e3o da empresa, em fevereiro de 2009. Assim, a Bercamp\u00ae entrou no mercado com a for\u00e7a que hoje \u00e9 apontada pelo p\u00fablico como diferencial no segmento em que atua.<\/p>\t\t\t\t\t\t\t\t<\/div>\n\t\t\t\t<\/div>\n\t\t\t\t<\/div>\n\t\t<div class=\"elementor-element elementor-element-df26c5e e-con-full e-flex e-con e-child\" data-id=\"df26c5e\" data-element_type=\"container\">\n\t\t\t\t<div class=\"elementor-element elementor-element-ddc88c4 elementor-widget elementor-widget-heading\" data-id=\"ddc88c4\" data-element_type=\"widget\" data-widget_type=\"heading.default\">\n\t\t\t\t<div class=\"elementor-widget-container\">\n\t\t\t\t\t<h2 class=\"elementor-heading-title elementor-size-default\">Pol\u00edtica de Qualidade<\/h2>\t\t\t\t<\/div>\n\t\t\t\t<\/div>\n\t\t\t\t<div class=\"elementor-element elementor-element-4d1c129 elementor-widget-divider--view-line elementor-widget elementor-widget-divider\" data-id=\"4d1c129\" data-element_type=\"widget\" data-widget_type=\"divider.default\">\n\t\t\t\t<div class=\"elementor-widget-container\">\n\t\t\t\t\t\t\t<div class=\"elementor-divider\">\n\t\t\t<span class=\"elementor-divider-separator\">\n\t\t\t\t\t\t<\/span>\n\t\t<\/div>\n\t\t\t\t\t\t<\/div>\n\t\t\t\t<\/div>\n\t\t\t\t<div class=\"elementor-element elementor-element-b7f4944 elementor-widget elementor-widget-text-editor\" data-id=\"b7f4944\" data-element_type=\"widget\" data-widget_type=\"text-editor.default\">\n\t\t\t\t<div class=\"elementor-widget-container\">\n\t\t\t\t\t\t\t\t\t<p>Em face \u00e0s exig\u00eancias do mercado, a Bercamp\u00ae busca incessantemente desenvolver e comercializar produtos e servi\u00e7os que satisfa\u00e7am seus clientes.<\/p><p>Tal perfil de atua\u00e7\u00e3o se perpetua, j\u00e1 que a empresa reconhece sua responsabilidade ao oferecer produtos inovadores e inteligentes, com qualidade, seguran\u00e7a e durabilidade.<\/p><p>Outro diferencial que faz parte dos processos de controle de qualidade da Bercamp\u00ae \u00e9 o de participar ativamente na escolha de mat\u00e9rias-primas, determinando assim a qualidade do que \u00e9 utilizado em sua linha de produ\u00e7\u00e3o.<\/p>\t\t\t\t\t\t\t\t<\/div>\n\t\t\t\t<\/div>\n\t\t\t\t<\/div>\n\t\t\t\t<\/div>\n\t\t\t\t<\/div>\n\t\t\t\t\t<\/div>\n\t\t\t\t<\/div>\n\t\t<div class=\"elementor-element elementor-element-3cd34ad e-flex e-con-boxed e-con e-parent\" data-id=\"3cd34ad\" data-element_type=\"container\" data-settings=\"{&quot;background_background&quot;:&quot;classic&quot;}\">\n\t\t\t\t\t<div class=\"e-con-inner\">\n\t\t\t\t<div class=\"elementor-element elementor-element-45e0833 elementor-widget elementor-widget-heading\" data-id=\"45e0833\" data-element_type=\"widget\" data-widget_type=\"heading.default\">\n\t\t\t\t<div class=\"elementor-widget-container\">\n\t\t\t\t\t<h2 class=\"elementor-heading-title elementor-size-default\">Diretrizes Institucionais da Bercamp\u00ae<\/h2>\t\t\t\t<\/div>\n\t\t\t\t<\/div>\n\t\t\t\t<div class=\"elementor-element elementor-element-8ddeb4b elementor-widget-divider--view-line elementor-widget elementor-widget-divider\" data-id=\"8ddeb4b\" data-element_type=\"widget\" data-widget_type=\"divider.default\">\n\t\t\t\t<div class=\"elementor-widget-container\">\n\t\t\t\t\t\t\t<div class=\"elementor-divider\">\n\t\t\t<span class=\"elementor-divider-separator\">\n\t\t\t\t\t\t<\/span>\n\t\t<\/div>\n\t\t\t\t\t\t<\/div>\n\t\t\t\t<\/div>\n\t\t\t\t<div class=\"elementor-element elementor-element-9090b71 elementor-widget elementor-widget-text-editor\" data-id=\"9090b71\" data-element_type=\"widget\" data-widget_type=\"text-editor.default\">\n\t\t\t\t<div class=\"elementor-widget-container\">\n\t\t\t\t\t\t\t\t\t<p>A Bercamp\u00ae tem como objetivo ser lembrada pela qualidade dos produtos, pelas rela\u00e7\u00f5es de confian\u00e7a e pela responsabilidade em oferecer solu\u00e7\u00f5es diferenciadas. Com isso, segue diretrizes essenciais para sua atua\u00e7\u00e3o no mercado.<\/p>\t\t\t\t\t\t\t\t<\/div>\n\t\t\t\t<\/div>\n\t\t<div class=\"elementor-element elementor-element-2aae9e7 e-grid e-con-full e-con e-child\" data-id=\"2aae9e7\" data-element_type=\"container\">\n\t\t<div class=\"elementor-element elementor-element-54c937c e-con-full e-flex e-con e-child\" data-id=\"54c937c\" data-element_type=\"container\" data-settings=\"{&quot;background_background&quot;:&quot;classic&quot;}\">\n\t\t\t\t<div class=\"elementor-element elementor-element-51ea79a elementor-widget elementor-widget-heading\" data-id=\"51ea79a\" data-element_type=\"widget\" data-widget_type=\"heading.default\">\n\t\t\t\t<div class=\"elementor-widget-container\">\n\t\t\t\t\t<h2 class=\"elementor-heading-title elementor-size-default\">Nosso Neg\u00f3cio<\/h2>\t\t\t\t<\/div>\n\t\t\t\t<\/div>\n\t\t\t\t<div class=\"elementor-element elementor-element-ebe9c0d elementor-widget elementor-widget-text-editor\" data-id=\"ebe9c0d\" data-element_type=\"widget\" data-widget_type=\"text-editor.default\">\n\t\t\t\t<div class=\"elementor-widget-container\">\n\t\t\t\t\t\t\t\t\t<p>A Bercamp \u00e9 especializada no desenvolvimento, fabrica\u00e7\u00e3o e comercializa\u00e7\u00e3o de implementos rodovi\u00e1rios e agr\u00edcolas. Focamos em solu\u00e7\u00f5es inovadoras para atender \u00e0s expectativas dos clientes, melhorar a qualidade de vida dos colaboradores e otimizar o setor de rodovi\u00e1rio e agr\u00edcola.<\/p>\t\t\t\t\t\t\t\t<\/div>\n\t\t\t\t<\/div>\n\t\t\t\t<\/div>\n\t\t<div class=\"elementor-element elementor-element-b6853c7 e-con-full e-flex e-con e-child\" data-id=\"b6853c7\" data-element_type=\"container\" data-settings=\"{&quot;background_background&quot;:&quot;classic&quot;}\">\n\t\t\t\t<div class=\"elementor-element elementor-element-d07d03a elementor-widget elementor-widget-heading\" data-id=\"d07d03a\" data-element_type=\"widget\" data-widget_type=\"heading.default\">\n\t\t\t\t<div class=\"elementor-widget-container\">\n\t\t\t\t\t<h2 class=\"elementor-heading-title elementor-size-default\">Miss\u00e3o<\/h2>\t\t\t\t<\/div>\n\t\t\t\t<\/div>\n\t\t\t\t<div class=\"elementor-element elementor-element-d445556 elementor-widget elementor-widget-text-editor\" data-id=\"d445556\" data-element_type=\"widget\" data-widget_type=\"text-editor.default\">\n\t\t\t\t<div class=\"elementor-widget-container\">\n\t\t\t\t\t\t\t\t\t<p>Criar solu\u00e7\u00f5es inovadoras para o transporte rodovi\u00e1rio de cargas, com uma equipe comprometida e valorizada, garantindo sucesso aos nossos clientes e contribuindo para o desenvolvimento socioecon\u00f4mico de nossa regi\u00e3o.<\/p>\t\t\t\t\t\t\t\t<\/div>\n\t\t\t\t<\/div>\n\t\t\t\t<\/div>\n\t\t<div class=\"elementor-element elementor-element-5d47cba e-con-full e-flex e-con e-child\" data-id=\"5d47cba\" data-element_type=\"container\" data-settings=\"{&quot;background_background&quot;:&quot;classic&quot;}\">\n\t\t\t\t<div class=\"elementor-element elementor-element-dd419fb elementor-widget elementor-widget-heading\" data-id=\"dd419fb\" data-element_type=\"widget\" data-widget_type=\"heading.default\">\n\t\t\t\t<div class=\"elementor-widget-container\">\n\t\t\t\t\t<h2 class=\"elementor-heading-title elementor-size-default\">Vis\u00e3o<\/h2>\t\t\t\t<\/div>\n\t\t\t\t<\/div>\n\t\t\t\t<div class=\"elementor-element elementor-element-89f1601 elementor-widget elementor-widget-text-editor\" data-id=\"89f1601\" data-element_type=\"widget\" data-widget_type=\"text-editor.default\">\n\t\t\t\t<div class=\"elementor-widget-container\">\n\t\t\t\t\t\t\t\t\t<p>Ser uma empresa reconhecida pela excel\u00eancia no atendimento ao cliente, pela qualidade de seus produtos e pela sua capacidade de inovar no setor, destacando-se no mercado de implementos rodovi\u00e1rios.<\/p>\t\t\t\t\t\t\t\t<\/div>\n\t\t\t\t<\/div>\n\t\t\t\t<\/div>\n\t\t\t\t<\/div>\n\t\t<div class=\"elementor-element elementor-element-0a738e2 e-grid e-con-full e-con e-child\" data-id=\"0a738e2\" data-element_type=\"container\">\n\t\t<div class=\"elementor-element elementor-element-2407ad7 e-con-full e-flex e-con e-child\" data-id=\"2407ad7\" data-element_type=\"container\" data-settings=\"{&quot;background_background&quot;:&quot;classic&quot;}\">\n\t\t\t\t<div class=\"elementor-element elementor-element-952d577 elementor-widget elementor-widget-heading\" data-id=\"952d577\" data-element_type=\"widget\" data-widget_type=\"heading.default\">\n\t\t\t\t<div class=\"elementor-widget-container\">\n\t\t\t\t\t<h2 class=\"elementor-heading-title elementor-size-default\">Valores<\/h2>\t\t\t\t<\/div>\n\t\t\t\t<\/div>\n\t\t\t\t<div class=\"elementor-element elementor-element-a8b96c3 elementor-widget elementor-widget-text-editor\" data-id=\"a8b96c3\" data-element_type=\"widget\" id=\"txt-p\" data-widget_type=\"text-editor.default\">\n\t\t\t\t<div class=\"elementor-widget-container\">\n\t\t\t\t\t\t\t\t\t<ul><li><strong>\u00c9tica:<\/strong> Conduzir os neg\u00f3cios com responsabilidade e transpar\u00eancia.<\/li><li><strong>Excel\u00eancia:<\/strong> Buscar constantemente a melhoria de produtos e servi\u00e7os.<\/li><li><strong>Simplicidade:<\/strong> Manter processos \u00e1geis e eficientes.<\/li><li><strong>Qualidade:<\/strong> Entregar sempre o melhor em todas as \u00e1reas.<\/li><li><strong>Integridade:<\/strong> Fomentar rela\u00e7\u00f5es comerciais honestas e justas.<\/li><li><strong>Satisfa\u00e7\u00e3o do Cliente:<\/strong> Superar expectativas e conquistar fidelidade.<\/li><li><strong>Desenvolvimento de Pessoas:<\/strong> Valorizar e promover o conhecimento.<\/li><li><strong>Seguran\u00e7a:<\/strong> Garantir a prote\u00e7\u00e3o das pessoas e informa\u00e7\u00f5es.<\/li><li><strong>Responsabilidade:<\/strong> Fomentar a\u00e7\u00f5es sustent\u00e1veis e sociais.<\/li><li><strong>Lucratividade:<\/strong> Medir o sucesso pelos resultados financeiros.<\/li><\/ul>\t\t\t\t\t\t\t\t<\/div>\n\t\t\t\t<\/div>\n\t\t\t\t<\/div>\n\t\t\t\t<\/div>\n\t\t\t\t\t<\/div>\n\t\t\t\t<\/div>\n\t\t<div class=\"elementor-element elementor-element-6ee6302 e-flex e-con-boxed e-con e-parent\" data-id=\"6ee6302\" data-element_type=\"container\" data-settings=\"{&quot;background_background&quot;:&quot;classic&quot;}\">\n\t\t\t\t\t<div class=\"e-con-inner\">\n\t\t\t\t<div class=\"elementor-element elementor-element-947c673 scroll-bottom elementor-widget__width-initial elementor-widget-mobile__width-inherit elementor-widget elementor-widget-heading\" data-id=\"947c673\" data-element_type=\"widget\" data-settings=\"{&quot;_animation&quot;:&quot;none&quot;}\" data-widget_type=\"heading.default\">\n\t\t\t\t<div class=\"elementor-widget-container\">\n\t\t\t\t\t<h2 class=\"elementor-heading-title elementor-size-default\">Clique no bot\u00e3o abaixo e fale com um especialista<\/h2>\t\t\t\t<\/div>\n\t\t\t\t<\/div>\n\t\t\t\t<div class=\"elementor-element elementor-element-a8bd28a scroll-bottom elementor-widget elementor-widget-button\" data-id=\"a8bd28a\" data-element_type=\"widget\" data-widget_type=\"button.default\">\n\t\t\t\t<div class=\"elementor-widget-container\">\n\t\t\t\t\t\t\t\t\t<div class=\"elementor-button-wrapper\">\n\t\t\t\t\t<a class=\"elementor-button elementor-button-link elementor-size-sm\" href=\"https:\/\/wa.me\/554198440205?text=Ol\u00e1%2C+vim+pelo+site.+Tudo+bem%3F\">\n\t\t\t\t\t\t<span class=\"elementor-button-content-wrapper\">\n\t\t\t\t\t\t\t\t\t<span class=\"elementor-button-text\">Entrar em contato<\/span>\n\t\t\t\t\t<\/span>\n\t\t\t\t\t<\/a>\n\t\t\t\t<\/div>\n\t\t\t\t\t\t\t\t<\/div>\n\t\t\t\t<\/div>\n\t\t\t\t\t<\/div>\n\t\t\t\t<\/div>\n\t\t\t\t<\/div>\n\t\t","protected":false},"excerpt":{"rendered":"<p>Apresenta\u00e7\u00e3o Com sede pr\u00f3pria na cidade de S\u00e3o Jos\u00e9 dos Pinhais, regi\u00e3o metropolitana de Curitiba, PR, a Bercamp\u00ae desenvolve projetos para o segmento de implementos rodovi\u00e1rios e agr\u00edcolas, produzindo solu\u00e7\u00f5es inovadoras. Hist\u00f3ria Com mais de 25 anos de experi\u00eancia no beneficiamento de ferro e a\u00e7o para um mercado exigente, A Bercamp\u00ae construiu, em 2005, o [&hellip;]<\/p>\n","protected":false},"author":1,"featured_media":0,"parent":0,"menu_order":0,"comment_status":"closed","ping_status":"closed","template":"elementor_header_footer","meta":{"footnotes":""},"class_list":["post-869","page","type-page","status-publish","hentry"],"yoast_head":"<!-- This site is optimized with the Yoast SEO Premium plugin v20.8 (Yoast SEO v24.2) - https:\/\/yoast.com\/wordpress\/plugins\/seo\/ -->\n<title>Institucional - Bercamp<\/title>\n<meta name=\"robots\" content=\"index, follow, max-snippet:-1, max-image-preview:large, max-video-preview:-1\" \/>\n<link rel=\"canonical\" href=\"https:\/\/bercamp.ind.br\/?page_id=869\" \/>\n<meta property=\"og:locale\" content=\"pt_BR\" \/>\n<meta property=\"og:type\" content=\"article\" \/>\n<meta property=\"og:title\" content=\"Institucional\" \/>\n<meta property=\"og:description\" content=\"Apresenta\u00e7\u00e3o Com sede pr\u00f3pria na cidade de S\u00e3o Jos\u00e9 dos Pinhais, regi\u00e3o metropolitana de Curitiba, PR, a Bercamp\u00ae desenvolve projetos para o segmento de implementos rodovi\u00e1rios e agr\u00edcolas, produzindo solu\u00e7\u00f5es inovadoras. Hist\u00f3ria Com mais de 25 anos de experi\u00eancia no beneficiamento de ferro e a\u00e7o para um mercado exigente, A Bercamp\u00ae construiu, em 2005, o [&hellip;]\" \/>\n<meta property=\"og:url\" content=\"https:\/\/bercamp.ind.br\/?page_id=869\" \/>\n<meta property=\"og:site_name\" content=\"Bercamp\" \/>\n<meta property=\"article:modified_time\" content=\"2025-01-20T17:26:52+00:00\" \/>\n<meta property=\"og:image\" content=\"https:\/\/bercamp.ind.br\/wp-content\/uploads\/01-1024x682.jpg\" \/>\n<meta name=\"twitter:card\" content=\"summary_large_image\" \/>\n<meta name=\"twitter:label1\" content=\"Est. tempo de leitura\" \/>\n\t<meta name=\"twitter:data1\" content=\"3 minutos\" \/>\n<script type=\"application\/ld+json\" class=\"yoast-schema-graph\">{\"@context\":\"https:\/\/schema.org\",\"@graph\":[{\"@type\":\"WebPage\",\"@id\":\"https:\/\/bercamp.ind.br\/?page_id=869\",\"url\":\"https:\/\/bercamp.ind.br\/?page_id=869\",\"name\":\"Institucional - Bercamp\",\"isPartOf\":{\"@id\":\"https:\/\/bercamp.ind.br\/#website\"},\"primaryImageOfPage\":{\"@id\":\"https:\/\/bercamp.ind.br\/?page_id=869#primaryimage\"},\"image\":{\"@id\":\"https:\/\/bercamp.ind.br\/?page_id=869#primaryimage\"},\"thumbnailUrl\":\"https:\/\/bercamp.ind.br\/wp-content\/uploads\/01-1024x682.jpg\",\"datePublished\":\"2024-12-20T16:40:06+00:00\",\"dateModified\":\"2025-01-20T17:26:52+00:00\",\"breadcrumb\":{\"@id\":\"https:\/\/bercamp.ind.br\/?page_id=869#breadcrumb\"},\"inLanguage\":\"pt-BR\",\"potentialAction\":[{\"@type\":\"ReadAction\",\"target\":[\"https:\/\/bercamp.ind.br\/?page_id=869\"]}]},{\"@type\":\"ImageObject\",\"inLanguage\":\"pt-BR\",\"@id\":\"https:\/\/bercamp.ind.br\/?page_id=869#primaryimage\",\"url\":\"https:\/\/bercamp.ind.br\/wp-content\/uploads\/01.jpg\",\"contentUrl\":\"https:\/\/bercamp.ind.br\/wp-content\/uploads\/01.jpg\",\"width\":1106,\"height\":737},{\"@type\":\"BreadcrumbList\",\"@id\":\"https:\/\/bercamp.ind.br\/?page_id=869#breadcrumb\",\"itemListElement\":[{\"@type\":\"ListItem\",\"position\":1,\"name\":\"In\u00edcio\",\"item\":\"https:\/\/bercamp.ind.br\/\"},{\"@type\":\"ListItem\",\"position\":2,\"name\":\"Institucional\"}]},{\"@type\":\"WebSite\",\"@id\":\"https:\/\/bercamp.ind.br\/#website\",\"url\":\"https:\/\/bercamp.ind.br\/\",\"name\":\"Bercamp\",\"description\":\"Implementos Agr\u00edcolas\",\"publisher\":{\"@id\":\"https:\/\/bercamp.ind.br\/#organization\"},\"alternateName\":\"Bercamp Horse\",\"potentialAction\":[{\"@type\":\"SearchAction\",\"target\":{\"@type\":\"EntryPoint\",\"urlTemplate\":\"https:\/\/bercamp.ind.br\/?s={search_term_string}\"},\"query-input\":{\"@type\":\"PropertyValueSpecification\",\"valueRequired\":true,\"valueName\":\"search_term_string\"}}],\"inLanguage\":\"pt-BR\"},{\"@type\":\"Organization\",\"@id\":\"https:\/\/bercamp.ind.br\/#organization\",\"name\":\"Bercamp\",\"url\":\"https:\/\/bercamp.ind.br\/\",\"logo\":{\"@type\":\"ImageObject\",\"inLanguage\":\"pt-BR\",\"@id\":\"https:\/\/bercamp.ind.br\/#\/schema\/logo\/image\/\",\"url\":\"https:\/\/bercamp.ind.br\/wp-content\/uploads\/icone.png\",\"contentUrl\":\"https:\/\/bercamp.ind.br\/wp-content\/uploads\/icone.png\",\"width\":960,\"height\":960,\"caption\":\"Bercamp\"},\"image\":{\"@id\":\"https:\/\/bercamp.ind.br\/#\/schema\/logo\/image\/\"}}]}<\/script>\n<!-- \/ Yoast SEO Premium plugin. -->","yoast_head_json":{"title":"Institucional - Bercamp","robots":{"index":"index","follow":"follow","max-snippet":"max-snippet:-1","max-image-preview":"max-image-preview:large","max-video-preview":"max-video-preview:-1"},"canonical":"https:\/\/bercamp.ind.br\/?page_id=869","og_locale":"pt_BR","og_type":"article","og_title":"Institucional","og_description":"Apresenta\u00e7\u00e3o Com sede pr\u00f3pria na cidade de S\u00e3o Jos\u00e9 dos Pinhais, regi\u00e3o metropolitana de Curitiba, PR, a Bercamp\u00ae desenvolve projetos para o segmento de implementos rodovi\u00e1rios e agr\u00edcolas, produzindo solu\u00e7\u00f5es inovadoras. Hist\u00f3ria Com mais de 25 anos de experi\u00eancia no beneficiamento de ferro e a\u00e7o para um mercado exigente, A Bercamp\u00ae construiu, em 2005, o [&hellip;]","og_url":"https:\/\/bercamp.ind.br\/?page_id=869","og_site_name":"Bercamp","article_modified_time":"2025-01-20T17:26:52+00:00","og_image":[{"url":"https:\/\/bercamp.ind.br\/wp-content\/uploads\/01-1024x682.jpg","type":"","width":"","height":""}],"twitter_card":"summary_large_image","twitter_misc":{"Est. tempo de leitura":"3 minutos"},"schema":{"@context":"https:\/\/schema.org","@graph":[{"@type":"WebPage","@id":"https:\/\/bercamp.ind.br\/?page_id=869","url":"https:\/\/bercamp.ind.br\/?page_id=869","name":"Institucional - Bercamp","isPartOf":{"@id":"https:\/\/bercamp.ind.br\/#website"},"primaryImageOfPage":{"@id":"https:\/\/bercamp.ind.br\/?page_id=869#primaryimage"},"image":{"@id":"https:\/\/bercamp.ind.br\/?page_id=869#primaryimage"},"thumbnailUrl":"https:\/\/bercamp.ind.br\/wp-content\/uploads\/01-1024x682.jpg","datePublished":"2024-12-20T16:40:06+00:00","dateModified":"2025-01-20T17:26:52+00:00","breadcrumb":{"@id":"https:\/\/bercamp.ind.br\/?page_id=869#breadcrumb"},"inLanguage":"pt-BR","potentialAction":[{"@type":"ReadAction","target":["https:\/\/bercamp.ind.br\/?page_id=869"]}]},{"@type":"ImageObject","inLanguage":"pt-BR","@id":"https:\/\/bercamp.ind.br\/?page_id=869#primaryimage","url":"https:\/\/bercamp.ind.br\/wp-content\/uploads\/01.jpg","contentUrl":"https:\/\/bercamp.ind.br\/wp-content\/uploads\/01.jpg","width":1106,"height":737},{"@type":"BreadcrumbList","@id":"https:\/\/bercamp.ind.br\/?page_id=869#breadcrumb","itemListElement":[{"@type":"ListItem","position":1,"name":"In\u00edcio","item":"https:\/\/bercamp.ind.br\/"},{"@type":"ListItem","position":2,"name":"Institucional"}]},{"@type":"WebSite","@id":"https:\/\/bercamp.ind.br\/#website","url":"https:\/\/bercamp.ind.br\/","name":"Bercamp","description":"Implementos Agr\u00edcolas","publisher":{"@id":"https:\/\/bercamp.ind.br\/#organization"},"alternateName":"Bercamp Horse","potentialAction":[{"@type":"SearchAction","target":{"@type":"EntryPoint","urlTemplate":"https:\/\/bercamp.ind.br\/?s={search_term_string}"},"query-input":{"@type":"PropertyValueSpecification","valueRequired":true,"valueName":"search_term_string"}}],"inLanguage":"pt-BR"},{"@type":"Organization","@id":"https:\/\/bercamp.ind.br\/#organization","name":"Bercamp","url":"https:\/\/bercamp.ind.br\/","logo":{"@type":"ImageObject","inLanguage":"pt-BR","@id":"https:\/\/bercamp.ind.br\/#\/schema\/logo\/image\/","url":"https:\/\/bercamp.ind.br\/wp-content\/uploads\/icone.png","contentUrl":"https:\/\/bercamp.ind.br\/wp-content\/uploads\/icone.png","width":960,"height":960,"caption":"Bercamp"},"image":{"@id":"https:\/\/bercamp.ind.br\/#\/schema\/logo\/image\/"}}]}},"_links":{"self":[{"href":"https:\/\/bercamp.ind.br\/index.php?rest_route=\/wp\/v2\/pages\/869","targetHints":{"allow":["GET"]}}],"collection":[{"href":"https:\/\/bercamp.ind.br\/index.php?rest_route=\/wp\/v2\/pages"}],"about":[{"href":"https:\/\/bercamp.ind.br\/index.php?rest_route=\/wp\/v2\/types\/page"}],"author":[{"embeddable":true,"href":"https:\/\/bercamp.ind.br\/index.php?rest_route=\/wp\/v2\/users\/1"}],"replies":[{"embeddable":true,"href":"https:\/\/bercamp.ind.br\/index.php?rest_route=%2Fwp%2Fv2%2Fcomments&post=869"}],"version-history":[{"count":49,"href":"https:\/\/bercamp.ind.br\/index.php?rest_route=\/wp\/v2\/pages\/869\/revisions"}],"predecessor-version":[{"id":1031,"href":"https:\/\/bercamp.ind.br\/index.php?rest_route=\/wp\/v2\/pages\/869\/revisions\/1031"}],"wp:attachment":[{"href":"https:\/\/bercamp.ind.br\/index.php?rest_route=%2Fwp%2Fv2%2Fmedia&parent=869"}],"curies":[{"name":"wp","href":"https:\/\/api.w.org\/{rel}","templated":true}]}}