{"id":518,"date":"2024-11-25T08:53:25","date_gmt":"2024-11-25T11:53:25","guid":{"rendered":"https:\/\/bercamp.ind.br\/?page_id=518"},"modified":"2025-09-18T11:40:36","modified_gmt":"2025-09-18T14:40:36","slug":"artigos","status":"publish","type":"page","link":"https:\/\/bercamp.ind.br\/?page_id=518","title":{"rendered":"Artigos"},"content":{"rendered":"<h2>\u00daltimos artigos<\/h2>\n<h2>Insights e tend\u00eancias<\/h2>\n<p>Acompanhe nossas \u00faltimas not\u00edcias, que se concentram em passar insights, tend\u00eancias do setor e principais manchetes.<\/p>\n","protected":false},"excerpt":{"rendered":"<p>\u00daltimos artigos Insights e tend\u00eancias Acompanhe nossas \u00faltimas not\u00edcias, que se concentram em passar insights, tend\u00eancias do setor e principais manchetes.<\/p>\n","protected":false},"author":1,"featured_media":0,"parent":0,"menu_order":0,"comment_status":"closed","ping_status":"closed","template":"elementor_header_footer","meta":{"footnotes":""},"class_list":["post-518","page","type-page","status-publish","hentry"],"yoast_head":"<!-- This site is optimized with the Yoast SEO Premium plugin v20.8 (Yoast SEO v24.2) - https:\/\/yoast.com\/wordpress\/plugins\/seo\/ -->\n<title>Artigos - Bercamp<\/title>\n<meta name=\"robots\" content=\"index, follow, max-snippet:-1, max-image-preview:large, max-video-preview:-1\" \/>\n<link rel=\"canonical\" href=\"https:\/\/bercamp.ind.br\/?page_id=518\" \/>\n<meta property=\"og:locale\" content=\"pt_BR\" \/>\n<meta property=\"og:type\" content=\"article\" \/>\n<meta property=\"og:title\" content=\"Artigos\" \/>\n<meta property=\"og:description\" content=\"\u00daltimos artigos Insights e tend\u00eancias Acompanhe nossas \u00faltimas not\u00edcias, que se concentram em passar insights, tend\u00eancias do setor e principais manchetes.\" \/>\n<meta property=\"og:url\" content=\"https:\/\/bercamp.ind.br\/?page_id=518\" \/>\n<meta property=\"og:site_name\" content=\"Bercamp\" \/>\n<meta property=\"article:modified_time\" content=\"2025-09-18T14:40:36+00:00\" \/>\n<meta property=\"og:image\" content=\"https:\/\/bercamp.ind.br\/wp-content\/uploads\/logotipo-novo.png\" \/>\n\t<meta property=\"og:image:width\" content=\"457\" \/>\n\t<meta property=\"og:image:height\" content=\"150\" \/>\n\t<meta property=\"og:image:type\" content=\"image\/png\" \/>\n<meta name=\"twitter:card\" content=\"summary_large_image\" \/>\n<meta name=\"twitter:label1\" content=\"Est. tempo de leitura\" \/>\n\t<meta name=\"twitter:data1\" content=\"1 minuto\" \/>\n<script type=\"application\/ld+json\" class=\"yoast-schema-graph\">{\"@context\":\"https:\/\/schema.org\",\"@graph\":[{\"@type\":\"WebPage\",\"@id\":\"https:\/\/bercamp.ind.br\/?page_id=518\",\"url\":\"https:\/\/bercamp.ind.br\/?page_id=518\",\"name\":\"Artigos - Bercamp\",\"isPartOf\":{\"@id\":\"https:\/\/bercamp.ind.br\/#website\"},\"datePublished\":\"2024-11-25T11:53:25+00:00\",\"dateModified\":\"2025-09-18T14:40:36+00:00\",\"breadcrumb\":{\"@id\":\"https:\/\/bercamp.ind.br\/?page_id=518#breadcrumb\"},\"inLanguage\":\"pt-BR\",\"potentialAction\":[{\"@type\":\"ReadAction\",\"target\":[\"https:\/\/bercamp.ind.br\/?page_id=518\"]}]},{\"@type\":\"BreadcrumbList\",\"@id\":\"https:\/\/bercamp.ind.br\/?page_id=518#breadcrumb\",\"itemListElement\":[{\"@type\":\"ListItem\",\"position\":1,\"name\":\"In\u00edcio\",\"item\":\"https:\/\/bercamp.ind.br\/\"},{\"@type\":\"ListItem\",\"position\":2,\"name\":\"Artigos\"}]},{\"@type\":\"WebSite\",\"@id\":\"https:\/\/bercamp.ind.br\/#website\",\"url\":\"https:\/\/bercamp.ind.br\/\",\"name\":\"Bercamp\",\"description\":\"Implementos Agr\u00edcolas\",\"publisher\":{\"@id\":\"https:\/\/bercamp.ind.br\/#organization\"},\"alternateName\":\"Bercamp Horse\",\"potentialAction\":[{\"@type\":\"SearchAction\",\"target\":{\"@type\":\"EntryPoint\",\"urlTemplate\":\"https:\/\/bercamp.ind.br\/?s={search_term_string}\"},\"query-input\":{\"@type\":\"PropertyValueSpecification\",\"valueRequired\":true,\"valueName\":\"search_term_string\"}}],\"inLanguage\":\"pt-BR\"},{\"@type\":\"Organization\",\"@id\":\"https:\/\/bercamp.ind.br\/#organization\",\"name\":\"Bercamp\",\"url\":\"https:\/\/bercamp.ind.br\/\",\"logo\":{\"@type\":\"ImageObject\",\"inLanguage\":\"pt-BR\",\"@id\":\"https:\/\/bercamp.ind.br\/#\/schema\/logo\/image\/\",\"url\":\"https:\/\/bercamp.ind.br\/wp-content\/uploads\/icone.png\",\"contentUrl\":\"https:\/\/bercamp.ind.br\/wp-content\/uploads\/icone.png\",\"width\":960,\"height\":960,\"caption\":\"Bercamp\"},\"image\":{\"@id\":\"https:\/\/bercamp.ind.br\/#\/schema\/logo\/image\/\"}}]}<\/script>\n<!-- \/ Yoast SEO Premium plugin. -->","yoast_head_json":{"title":"Artigos - Bercamp","robots":{"index":"index","follow":"follow","max-snippet":"max-snippet:-1","max-image-preview":"max-image-preview:large","max-video-preview":"max-video-preview:-1"},"canonical":"https:\/\/bercamp.ind.br\/?page_id=518","og_locale":"pt_BR","og_type":"article","og_title":"Artigos","og_description":"\u00daltimos artigos Insights e tend\u00eancias Acompanhe nossas \u00faltimas not\u00edcias, que se concentram em passar insights, tend\u00eancias do setor e principais manchetes.","og_url":"https:\/\/bercamp.ind.br\/?page_id=518","og_site_name":"Bercamp","article_modified_time":"2025-09-18T14:40:36+00:00","og_image":[{"width":457,"height":150,"url":"https:\/\/bercamp.ind.br\/wp-content\/uploads\/logotipo-novo.png","type":"image\/png"}],"twitter_card":"summary_large_image","twitter_misc":{"Est. tempo de leitura":"1 minuto"},"schema":{"@context":"https:\/\/schema.org","@graph":[{"@type":"WebPage","@id":"https:\/\/bercamp.ind.br\/?page_id=518","url":"https:\/\/bercamp.ind.br\/?page_id=518","name":"Artigos - Bercamp","isPartOf":{"@id":"https:\/\/bercamp.ind.br\/#website"},"datePublished":"2024-11-25T11:53:25+00:00","dateModified":"2025-09-18T14:40:36+00:00","breadcrumb":{"@id":"https:\/\/bercamp.ind.br\/?page_id=518#breadcrumb"},"inLanguage":"pt-BR","potentialAction":[{"@type":"ReadAction","target":["https:\/\/bercamp.ind.br\/?page_id=518"]}]},{"@type":"BreadcrumbList","@id":"https:\/\/bercamp.ind.br\/?page_id=518#breadcrumb","itemListElement":[{"@type":"ListItem","position":1,"name":"In\u00edcio","item":"https:\/\/bercamp.ind.br\/"},{"@type":"ListItem","position":2,"name":"Artigos"}]},{"@type":"WebSite","@id":"https:\/\/bercamp.ind.br\/#website","url":"https:\/\/bercamp.ind.br\/","name":"Bercamp","description":"Implementos Agr\u00edcolas","publisher":{"@id":"https:\/\/bercamp.ind.br\/#organization"},"alternateName":"Bercamp Horse","potentialAction":[{"@type":"SearchAction","target":{"@type":"EntryPoint","urlTemplate":"https:\/\/bercamp.ind.br\/?s={search_term_string}"},"query-input":{"@type":"PropertyValueSpecification","valueRequired":true,"valueName":"search_term_string"}}],"inLanguage":"pt-BR"},{"@type":"Organization","@id":"https:\/\/bercamp.ind.br\/#organization","name":"Bercamp","url":"https:\/\/bercamp.ind.br\/","logo":{"@type":"ImageObject","inLanguage":"pt-BR","@id":"https:\/\/bercamp.ind.br\/#\/schema\/logo\/image\/","url":"https:\/\/bercamp.ind.br\/wp-content\/uploads\/icone.png","contentUrl":"https:\/\/bercamp.ind.br\/wp-content\/uploads\/icone.png","width":960,"height":960,"caption":"Bercamp"},"image":{"@id":"https:\/\/bercamp.ind.br\/#\/schema\/logo\/image\/"}}]}},"_links":{"self":[{"href":"https:\/\/bercamp.ind.br\/index.php?rest_route=\/wp\/v2\/pages\/518","targetHints":{"allow":["GET"]}}],"collection":[{"href":"https:\/\/bercamp.ind.br\/index.php?rest_route=\/wp\/v2\/pages"}],"about":[{"href":"https:\/\/bercamp.ind.br\/index.php?rest_route=\/wp\/v2\/types\/page"}],"author":[{"embeddable":true,"href":"https:\/\/bercamp.ind.br\/index.php?rest_route=\/wp\/v2\/users\/1"}],"replies":[{"embeddable":true,"href":"https:\/\/bercamp.ind.br\/index.php?rest_route=%2Fwp%2Fv2%2Fcomments&post=518"}],"version-history":[{"count":10,"href":"https:\/\/bercamp.ind.br\/index.php?rest_route=\/wp\/v2\/pages\/518\/revisions"}],"predecessor-version":[{"id":848,"href":"https:\/\/bercamp.ind.br\/index.php?rest_route=\/wp\/v2\/pages\/518\/revisions\/848"}],"wp:attachment":[{"href":"https:\/\/bercamp.ind.br\/index.php?rest_route=%2Fwp%2Fv2%2Fmedia&parent=518"}],"curies":[{"name":"wp","href":"https:\/\/api.w.org\/{rel}","templated":true}]}}